{"id":10,"date":"2019-11-25T19:54:11","date_gmt":"2019-11-25T19:54:11","guid":{"rendered":"https:\/\/www.pcfdevelopment.org\/?page_id=10"},"modified":"2025-11-04T22:31:29","modified_gmt":"2025-11-04T22:31:29","slug":"homeownership","status":"publish","type":"page","link":"https:\/\/www.pcfdevelopment.org\/es\/homeownership\/","title":{"rendered":"Vivienda asequible"},"content":{"rendered":"<div class=\"wp-block-group width-full has-teal-bright-background-color has-background\"><div class=\"wp-block-group__inner-container is-layout-flow wp-block-group-is-layout-flow\">\n<div class=\"wp-block-columns is-layout-flex wp-container-core-columns-is-layout-9d6595d7 wp-block-columns-is-layout-flex\">\n<div class=\"wp-block-column is-layout-flow wp-block-column-is-layout-flow\">\n<p class=\"has-large-font-size\">PCF Development construye y vende viviendas unifamiliares y bifamiliares asequibles en Pawtucket y Central Falls.<\/p>\n\n\n\n<p class=\"has-large-font-size\">Las casas son de nueva construcci\u00f3n o renovadas, unidades modernas dise\u00f1adas para integrarse r\u00e1pidamente en el car\u00e1cter natural del vecindario o edificios hist\u00f3ricos de Nueva Inglaterra restaurados con esmero.<\/p>\n\n\n\n<p class=\"has-large-font-size\">Las pautas de ingresos se utilizan para garantizar que estas viviendas sigan siendo asequibles para familias y particulares.<\/p>\n\n\n\n<p class=\"has-large-font-size\"><strong>Dianny Melusky<\/strong> est\u00e1 a su disposici\u00f3n para responder a sus preguntas u orientarle para iniciar el proceso de solicitud - (401) 726-1173 ext. 12 (ingl\u00e9s y espa\u00f1ol).<\/p>\n\n\n\n<p><\/p>\n\n\n\n<p>Haga clic <a href=\"https:\/\/www.pcfdevelopment.org\/wp-content\/uploads\/2024\/04\/PCF-Development-Mavis-Flyer_Updated-April-2024.jpg\" target=\"_blank\" rel=\"noreferrer noopener\">aqu\u00ed <\/a>para obtener informaci\u00f3n sobre nuestra nueva oportunidad de compra de vivienda.<\/p>\n<\/div>\n\n\n\n<div class=\"wp-block-column is-vertically-aligned-bottom is-layout-flow wp-block-column-is-layout-flow\"><div class=\"wp-block-image\">\n<figure class=\"aligncenter size-large\"><img loading=\"lazy\" decoding=\"async\" width=\"859\" height=\"1024\" src=\"https:\/\/www.pcfdevelopment.org\/wp-content\/uploads\/2024\/11\/IMG_0180-e1730497425957-859x1024.jpg\" alt=\"\" class=\"wp-image-1082\" srcset=\"https:\/\/www.pcfdevelopment.org\/wp-content\/uploads\/2024\/11\/IMG_0180-e1730497425957-859x1024.jpg 859w, https:\/\/www.pcfdevelopment.org\/wp-content\/uploads\/2024\/11\/IMG_0180-e1730497425957-252x300.jpg 252w, https:\/\/www.pcfdevelopment.org\/wp-content\/uploads\/2024\/11\/IMG_0180-e1730497425957-768x916.jpg 768w, https:\/\/www.pcfdevelopment.org\/wp-content\/uploads\/2024\/11\/IMG_0180-e1730497425957-10x12.jpg 10w, https:\/\/www.pcfdevelopment.org\/wp-content\/uploads\/2024\/11\/IMG_0180-e1730497425957.jpg 1051w\" sizes=\"auto, (max-width: 859px) 100vw, 859px\" \/><\/figure><\/div><\/div>\n<\/div>\n<\/div><\/div>\n\n\n\n<div style=\"height:64px\" aria-hidden=\"true\" class=\"wp-block-spacer\"><\/div>\n\n\n\n<div class=\"wp-block-media-text alignwide is-vertically-aligned-top has-background is-stacked-on-mobile has-bluesky-background-color\" style=\"grid-template-columns:43% auto\"><figure class=\"wp-block-media-text__media\"><img loading=\"lazy\" decoding=\"async\" width=\"791\" height=\"1024\" src=\"https:\/\/www.pcfdevelopment.org\/wp-content\/uploads\/2024\/06\/Are-you-Ready-Flyer-791x1024.jpg\" alt=\"\" class=\"wp-image-1023 size-full\" srcset=\"https:\/\/www.pcfdevelopment.org\/wp-content\/uploads\/2024\/06\/Are-you-Ready-Flyer-791x1024.jpg 791w, https:\/\/www.pcfdevelopment.org\/wp-content\/uploads\/2024\/06\/Are-you-Ready-Flyer-232x300.jpg 232w, https:\/\/www.pcfdevelopment.org\/wp-content\/uploads\/2024\/06\/Are-you-Ready-Flyer-768x994.jpg 768w, https:\/\/www.pcfdevelopment.org\/wp-content\/uploads\/2024\/06\/Are-you-Ready-Flyer-1187x1536.jpg 1187w, https:\/\/www.pcfdevelopment.org\/wp-content\/uploads\/2024\/06\/Are-you-Ready-Flyer-9x12.jpg 9w, https:\/\/www.pcfdevelopment.org\/wp-content\/uploads\/2024\/06\/Are-you-Ready-Flyer.jpg 1545w\" sizes=\"auto, (max-width: 791px) 100vw, 791px\" \/><\/figure><div class=\"wp-block-media-text__content\">\n<h2 class=\"wp-block-heading\">Proceso de solicitud<\/h2>\n\n\n\n<p>Los siguientes documentos son necesarios para iniciar el proceso de compra de una vivienda:<\/p>\n\n\n\n<ul class=\"wp-block-list\">\n<li>Completar <a href=\"https:\/\/www.pcfdevelopment.org\/wp-content\/uploads\/2025\/07\/English-Homebuyer-Package_07.25.pdf\" target=\"_blank\" rel=\"noreferrer noopener\">PCF Development Solicitud de comprador de vivienda <\/a><\/li>\n\n\n\n<li>Dos meses recientes de talones de pago y \/ o cualquier documento pertinente a los ingresos (manutenci\u00f3n de los hijos, SSI, etc.) para todos los miembros de la familia mayores de 18 a\u00f1os de edad<\/li>\n\n\n\n<li>Extractos bancarios de los dos \u00faltimos meses (todas las p\u00e1ginas) de todos los miembros de la unidad familiar mayores de 18 a\u00f1os (explique los ingresos en efectivo iguales o superiores a $500 y los ingresos frecuentes, incluidos los servicios de pago por m\u00f3vil).<\/li>\n\n\n\n<li>Declaraciones de la renta de los dos \u00faltimos a\u00f1os (incluido el formulario W2\/1099)<\/li>\n\n\n\n<li>Declaraciones de jubilaci\u00f3n\/inversi\u00f3n (dos meses)<\/li>\n\n\n\n<li>Autorizaci\u00f3n para el informe de cr\u00e9dito de todas las personas en la hipoteca<\/li>\n\n\n\n<li>Carta de aprobaci\u00f3n previa (si est\u00e1 disponible)<\/li>\n<\/ul>\n\n\n\n<p>Comience a reunir la informaci\u00f3n anterior y llame a Dianny Melusky - (401) 726-1173 ext 12 - o <a href=\"https:\/\/www.pcfdevelopment.org\/es\/homeownership\/appointment\/\">utilice nuestro formulario en l\u00ednea para concertar una cita<\/a>. \u00a1Ser propietario de una vivienda puede estar a la vuelta de la esquina!<\/p>\n\n\n\n<p>L\u00cdMITES M\u00c1XIMOS DE INGRESOS FAMILIARES en 80% AMI: (<em>Nota: los l\u00edmites de ingresos pueden variar seg\u00fan la urbanizaci\u00f3n<\/em>)<\/p>\n\n\n\n<p><\/p>\n\n\n\n<p>1 Persona: $64,050<\/p>\n\n\n\n<p>2 Personas: $73,200<\/p>\n\n\n\n<p>3 Personas: $82,350<\/p>\n\n\n\n<p>4 Personas: $91,450<\/p>\n\n\n\n<p>5 Personas: $98,800<\/p>\n\n\n\n<p>6 Personas: $106,100<\/p>\n\n\n\n<div class=\"wp-block-buttons is-layout-flex wp-block-buttons-is-layout-flex\">\n<div class=\"wp-block-button\"><a class=\"wp-block-button__link wp-element-button\" href=\"https:\/\/www.pcfdevelopment.org\/es\/homeownership\/appointment\/\" title=\"Concertar una cita\">Utilice nuestro formulario en l\u00ednea para expresar su inter\u00e9s<\/a><\/div>\n<\/div>\n<\/div><\/div>\n\n\n\n<div style=\"height:64px\" aria-hidden=\"true\" class=\"wp-block-spacer\"><\/div>\n\n\n\n<div class=\"wp-block-media-text alignwide has-media-on-the-right has-background has-teal-background-color is-stacked-on-mobile video has-media-vertically-aligned-top\"><figure class=\"wp-block-media-text__media\"><a href=\"https:\/\/vimeo.com\/190555993\" target=\"_blank\" rel=\"noopener noreferrer\"><img loading=\"lazy\" decoding=\"async\" width=\"1000\" height=\"560\" src=\"https:\/\/www.pcfdevelopment.org\/wp-content\/uploads\/2019\/12\/Ortiz-family-still-from-video.jpg\" alt=\"\" class=\"wp-image-235\" srcset=\"https:\/\/www.pcfdevelopment.org\/wp-content\/uploads\/2019\/12\/Ortiz-family-still-from-video.jpg 1000w, https:\/\/www.pcfdevelopment.org\/wp-content\/uploads\/2019\/12\/Ortiz-family-still-from-video-300x168.jpg 300w, https:\/\/www.pcfdevelopment.org\/wp-content\/uploads\/2019\/12\/Ortiz-family-still-from-video-768x430.jpg 768w\" sizes=\"auto, (max-width: 1000px) 100vw, 1000px\" \/><\/a><\/figure><div class=\"wp-block-media-text__content\">\n\n<h2 class=\"wp-block-heading\">Familia Ortiz<\/h2>\n\n\n<p>La familia Ortiz protagoniza un v\u00eddeo que PCF Development produce para reforzar el apoyo a los Bonos de Vivienda Comunitaria y Votar S\u00ed a Siete en 2016.  Su historia sigue siendo inspiradora mientras seguimos construyendo el futuro y ayudando al mayor n\u00famero de familias a alcanzar sus sue\u00f1os de ser propietarios de una vivienda.<\/p>\n\n<\/div><\/div>\n\n\n\n<div style=\"height:100px\" aria-hidden=\"true\" class=\"wp-block-spacer\"><\/div>\n\n\n\n<div class=\"wp-block-group width-full has-bluesky-background-color has-background\"><div class=\"wp-block-group__inner-container is-layout-flow wp-block-group-is-layout-flow\">\n<div class=\"wp-block-columns is-layout-flex wp-container-core-columns-is-layout-9d6595d7 wp-block-columns-is-layout-flex\">\n<div class=\"wp-block-column is-layout-flow wp-block-column-is-layout-flow\">\n<h2 class=\"wp-block-heading h1\">Educaci\u00f3n para el Comprador de Vivienda<\/h2>\n\n\n\n<p class=\"has-large-font-size\">Dotar a los compradores de su primera vivienda de los recursos y habilidades necesarios para ahorrar y adquirir su primera casa.<\/p>\n\n\n\n<p>PCF Development ofrece clases y asesoramiento uno-a-uno para los compradores de vivienda por primera vez y clases de propietario para los propietarios de viviendas existentes que buscan tener su casa trabajar para ellos. Los programas son dirigidos por consejeros certificados por HUD y se llevan a cabo en nuestra oficina en Pawtucket.  <\/p>\n<\/div>\n\n\n\n<div class=\"wp-block-column is-vertically-aligned-bottom is-layout-flow wp-block-column-is-layout-flow\">\n<div class=\"wp-block-group has-teal-background-color has-background\"><div class=\"wp-block-group__inner-container is-layout-flow wp-block-group-is-layout-flow\">\n<h3 class=\"wp-block-heading h4\">\u00bfPor qu\u00e9 inscribirse en Educaci\u00f3n para el Comprador de Vivienda?<\/h3>\n\n\n\n<ul class=\"wp-block-list\">\n<li>Mejore su puntuaci\u00f3n crediticia<\/li>\n\n\n\n<li>Cree un presupuesto<\/li>\n\n\n\n<li>Acceda a ayudas para el pago inicial<\/li>\n\n\n\n<li>Asesoramiento personalizado de un asesor de compra de vivienda certificado<\/li>\n\n\n\n<li>Comprenda mejor el proceso de compra de una vivienda<\/li>\n\n\n\n<li>Sepa que est\u00e1 obteniendo una hipoteca segura y asequible<\/li>\n\n\n\n<li>Obtenga ayuda para encontrar su primera vivienda<\/li>\n<\/ul>\n\n\n\n<div class=\"wp-block-button\"><a class=\"wp-block-button__link wp-element-button\" href=\"https:\/\/www.pcfdevelopment.org\/es\/classes\/\">Leer las descripciones de las clases<\/a><\/div>\n<\/div><\/div>\n<\/div>\n<\/div>\n<\/div><\/div>\n\n\n\n<div style=\"height:64px\" aria-hidden=\"true\" class=\"wp-block-spacer\"><\/div>\n\n\n\n<div class=\"wp-block-columns is-layout-flex wp-container-core-columns-is-layout-9d6595d7 wp-block-columns-is-layout-flex\"><\/div>\n\n\n\n<div class=\"wp-block-group has-teal-background-color has-background\"><div class=\"wp-block-group__inner-container is-layout-flow wp-block-group-is-layout-flow\">\n<div class=\"wp-block-group newsletter-signup\"><div class=\"wp-block-group__inner-container is-layout-flow wp-block-group-is-layout-flow\">\n<div class=\"wp-block-columns is-layout-flex wp-container-core-columns-is-layout-9d6595d7 wp-block-columns-is-layout-flex\">\n<div class=\"wp-block-column is-layout-flow wp-block-column-is-layout-flow\">\n<h3 class=\"wp-block-heading\">Mant\u00e9ngase al d\u00eda con nuestro bolet\u00edn<\/h3>\n<\/div>\n\n\n\n<div class=\"wp-block-column is-layout-flow wp-block-column-is-layout-flow\">\n<p>Una vez al mes, noticias, anuncios y recordatorios de eventos.<\/p>\n\n\n\n<p> <a rel=\"noreferrer noopener\" href=\"https:\/\/lp.constantcontact.com\/su\/NeWVYMf\" target=\"_blank\">Inscribirse<\/a><\/p>\n<\/div>\n<\/div>\n<\/div><\/div>\n\n\n\n<p><\/p>\n<\/div><\/div>\n\n\n\n<p class=\"has-text-color has-teal-dark-color h3 block-reusable_support\">Las donaciones contribuyen a hacer realidad el sue\u00f1o de una familia: un hogar seguro y asequible.<\/p>\n\n\n\n<div class=\"wp-block-button block-reusable_donate\"><a class=\"wp-block-button__link\" href=\"https:\/\/www.pcfdevelopment.org\/es\/donate\/\">Apoye nuestro trabajo<\/a><\/div>\n\n\n\n<p><\/p>","protected":false},"excerpt":{"rendered":"<p>PCF Development construye y vende viviendas asequibles unifamiliares y bifamiliares en Pawtucket y Central Falls. Las casas son de nueva construcci\u00f3n o renovadas, unidades modernas dise\u00f1adas para convertirse r\u00e1pidamente en parte del car\u00e1cter natural del vecindario o edificios hist\u00f3ricos de Nueva Inglaterra restaurados con cari\u00f1o. Las pautas de ingresos se utilizan para garantizar que estas viviendas sigan siendo asequibles para las familias y [...]<\/p>","protected":false},"author":1,"featured_media":0,"parent":0,"menu_order":0,"comment_status":"closed","ping_status":"closed","template":"","meta":{"footnotes":""},"class_list":["post-10","page","type-page","status-publish","hentry"],"_links":{"self":[{"href":"https:\/\/www.pcfdevelopment.org\/es\/wp-json\/wp\/v2\/pages\/10","targetHints":{"allow":["GET"]}}],"collection":[{"href":"https:\/\/www.pcfdevelopment.org\/es\/wp-json\/wp\/v2\/pages"}],"about":[{"href":"https:\/\/www.pcfdevelopment.org\/es\/wp-json\/wp\/v2\/types\/page"}],"author":[{"embeddable":true,"href":"https:\/\/www.pcfdevelopment.org\/es\/wp-json\/wp\/v2\/users\/1"}],"replies":[{"embeddable":true,"href":"https:\/\/www.pcfdevelopment.org\/es\/wp-json\/wp\/v2\/comments?post=10"}],"version-history":[{"count":0,"href":"https:\/\/www.pcfdevelopment.org\/es\/wp-json\/wp\/v2\/pages\/10\/revisions"}],"wp:attachment":[{"href":"https:\/\/www.pcfdevelopment.org\/es\/wp-json\/wp\/v2\/media?parent=10"}],"curies":[{"name":"wp","href":"https:\/\/api.w.org\/{rel}","templated":true}]}}