{"id":12,"date":"2019-11-25T19:54:24","date_gmt":"2019-11-25T19:54:24","guid":{"rendered":"https:\/\/www.pcfdevelopment.org\/?page_id=12"},"modified":"2026-04-16T14:59:27","modified_gmt":"2026-04-16T14:59:27","slug":"rentals","status":"publish","type":"page","link":"https:\/\/www.pcfdevelopment.org\/es\/rentals\/","title":{"rendered":"Alquileres"},"content":{"rendered":"<div class=\"wp-block-group width-full has-teal-bright-background-color has-background\"><div class=\"wp-block-group__inner-container is-layout-flow wp-block-group-is-layout-flow\">\n<div class=\"wp-block-columns is-layout-flex wp-container-core-columns-is-layout-9d6595d7 wp-block-columns-is-layout-flex\">\n<div class=\"wp-block-column is-layout-flow wp-block-column-is-layout-flow\">\n<p><\/p>\n\n\n\n<p class=\"has-large-font-size\">Desde 1990, PCF Development ha creado m\u00e1s de 400 nuevas unidades de alquiler. PCF Development concibe comunidades sanas para todos y lo demuestra mediante la revitalizaci\u00f3n intensiva de los vecindarios, la educaci\u00f3n financiera y la participaci\u00f3n de los residentes.<\/p>\n\n\n\n<p class=\"has-large-font-size\">Las unidades de alquiler de PCF Development son asequibles, seguras y atractivas.  La gran mayor\u00eda de nuestras unidades son recientemente construidas o remodeladas.  PCF Development se enorgullece de ofrecer viviendas energ\u00e9ticamente eficientes, de alta calidad y asequibles en todo Pawtucket y Central Falls.<\/p>\n<\/div>\n\n\n\n<div class=\"wp-block-column is-vertically-aligned-bottom is-layout-flow wp-block-column-is-layout-flow\">\n<figure class=\"wp-block-image size-full is-resized\"><img loading=\"lazy\" decoding=\"async\" width=\"750\" height=\"500\" src=\"https:\/\/www.pcfdevelopment.org\/wp-content\/uploads\/2020\/02\/185-Dexter-2.jpg\" alt=\"\" class=\"wp-image-485\" srcset=\"https:\/\/www.pcfdevelopment.org\/wp-content\/uploads\/2020\/02\/185-Dexter-2.jpg 750w, https:\/\/www.pcfdevelopment.org\/wp-content\/uploads\/2020\/02\/185-Dexter-2-300x200.jpg 300w\" sizes=\"auto, (max-width: 750px) 100vw, 750px\" \/><\/figure>\n\n\n\n<p><\/p>\n<\/div>\n<\/div>\n<\/div><\/div>\n\n\n\n<div style=\"height:128px\" aria-hidden=\"true\" class=\"wp-block-spacer\"><\/div>\n\n\n\n<p>Nuestro desarrollo inmobiliario ha tenido un impacto duradero en zonas que antes eran tristemente c\u00e9lebres por las viviendas de transe\u00fantes y la delincuencia. Los beneficiarios de nuestro trabajo son predominantemente familias de ingresos bajos a moderados con mujeres monoparentales como cabeza de familia. M\u00e1s de 250 ni\u00f1os viven en apartamentos seguros y atractivos construidos por PCF Development y tienen una estabilidad habitacional con la que pueden contar cada d\u00eda.<\/p>\n\n\n\n<p>Al invertir m\u00e1s de $60 millones en la comunidad local, PCF Development ha creado viviendas de alquiler asequible de alta calidad, nuevas unidades de propiedad de vivienda, nuevos parques de bolsillo y ha educado a m\u00e1s de 1.000 personas en clases de educaci\u00f3n sobre propiedad de vivienda y aptitud financiera, todo ello en comunidades con un historial de abandono y desinversi\u00f3n. En la actualidad, estos barrios se han estabilizado y proporcionan viviendas a familias pr\u00f3speras de la clase trabajadora de Rhode Island.<\/p>\n\n\n\n<div style=\"height:32px\" aria-hidden=\"true\" class=\"wp-block-spacer\"><\/div>\n\n\n\n<div class=\"wp-block-media-text alignwide has-media-on-the-right has-background is-stacked-on-mobile has-media-vertically-aligned-top has-teal-background-color\"><div class=\"wp-block-media-text__content\">\n<div style=\"height:32px\" aria-hidden=\"true\" class=\"wp-block-spacer\"><\/div>\n\n\n\n<h2 class=\"wp-block-heading\">Familia Deluz<\/h2>\n\n\n\n<p>Annika Deluz se sinti\u00f3 frustrada durante su b\u00fasqueda de vivienda cuando recorri\u00f3 apartamentos de Providence y Pawtucket que estaban en mal estado y muy por encima de su presupuesto.<\/p>\n\n\n\n<blockquote class=\"wp-block-quote has-bluesky-color is-layout-flow wp-block-quote-is-layout-flow\">\n<p>\"El hecho de que sea nuevo y de que pueda permitirme vivir aqu\u00ed... es incre\u00edble\".<\/p>\n<\/blockquote>\n\n\n\n<div class=\"wp-block-buttons is-layout-flex wp-block-buttons-is-layout-flex\">\n<div class=\"wp-block-button\"><a class=\"wp-block-button__link wp-element-button\" href=\"http:\/\/info.fhlbboston.com\/Results_Issue4_CommunityNews.html\" title=\"http:\/\/info.fhlbboston.com\/Results_Issue4_CommunityNews.html\" target=\"_blank\" rel=\"noreferrer noopener\">Lea la historia de Branch Blackstone<\/a><\/div>\n<\/div>\n\n\n\n<div style=\"height:32px\" aria-hidden=\"true\" class=\"wp-block-spacer\"><\/div>\n<\/div><figure class=\"wp-block-media-text__media\"><img loading=\"lazy\" decoding=\"async\" width=\"485\" height=\"408\" src=\"https:\/\/www.pcfdevelopment.org\/wp-content\/uploads\/2020\/01\/deluzfamily_crop.png\" alt=\"\" class=\"wp-image-373 size-full\" srcset=\"https:\/\/www.pcfdevelopment.org\/wp-content\/uploads\/2020\/01\/deluzfamily_crop.png 485w, https:\/\/www.pcfdevelopment.org\/wp-content\/uploads\/2020\/01\/deluzfamily_crop-300x252.png 300w\" sizes=\"auto, (max-width: 485px) 100vw, 485px\" \/><\/figure><\/div>\n\n\n\n<div style=\"height:32px\" aria-hidden=\"true\" class=\"wp-block-spacer\"><\/div>\n\n\n\n<div class=\"wp-block-media-text alignwide has-media-on-the-right is-stacked-on-mobile\"><div class=\"wp-block-media-text__content\">\n<h2 class=\"wp-block-heading\">Alquilar una casa<\/h2>\n\n\n\n<p>Para empezar, llene la siguiente solicitud y env\u00edela a nuestra oficina de gesti\u00f3n.<\/p>\n\n\n\n<div class=\"wp-block-buttons is-layout-flex wp-block-buttons-is-layout-flex\">\n<div class=\"wp-block-button\"><a class=\"wp-block-button__link wp-element-button\" href=\"https:\/\/www.pcfdevelopment.org\/wp-content\/uploads\/2026\/04\/PCF-Development-Pre-Application-April-2026.pdf\" title=\"https:\/\/www.pcfdevelopment.org\/documents\/rentalapplication-pdf.pdf\" target=\"_blank\" rel=\"noreferrer noopener\">Descargar solicitud de alquiler (PDF)<\/a><\/div>\n<\/div>\n\n\n\n<p><strong>Oficina de Gesti\u00f3n de PCF Development<\/strong><br>204 Broad Street, Pawtucket, RI 02860<br>Lunes - Jueves: 9:00 - 5:00<\/p>\n\n\n\n<p>(401) 726-1173 ext. 10<\/p>\n\n\n\n<p>leasing@pcfdevelopment.org<\/p>\n\n\n\n<p><\/p>\n\n\n\n<p><\/p>\n\n\n\n<p class=\"has-large-font-size\"><\/p>\n<\/div><figure class=\"wp-block-media-text__media\"><img loading=\"lazy\" decoding=\"async\" width=\"1024\" height=\"1024\" src=\"https:\/\/www.pcfdevelopment.org\/wp-content\/uploads\/2019\/12\/pcf-new-row-housing_crop-1024x1024.jpg\" alt=\"\" class=\"wp-image-157 size-full\" srcset=\"https:\/\/www.pcfdevelopment.org\/wp-content\/uploads\/2019\/12\/pcf-new-row-housing_crop-1024x1024.jpg 1024w, https:\/\/www.pcfdevelopment.org\/wp-content\/uploads\/2019\/12\/pcf-new-row-housing_crop-300x300.jpg 300w, https:\/\/www.pcfdevelopment.org\/wp-content\/uploads\/2019\/12\/pcf-new-row-housing_crop-150x150.jpg 150w, https:\/\/www.pcfdevelopment.org\/wp-content\/uploads\/2019\/12\/pcf-new-row-housing_crop-768x768.jpg 768w, https:\/\/www.pcfdevelopment.org\/wp-content\/uploads\/2019\/12\/pcf-new-row-housing_crop.jpg 1150w\" sizes=\"auto, (max-width: 1024px) 100vw, 1024px\" \/><\/figure><\/div>\n\n\n\n<div style=\"height:128px\" aria-hidden=\"true\" class=\"wp-block-spacer\"><\/div>\n\n\n\n<p><\/p>","protected":false},"excerpt":{"rendered":"<p>Desde 1990, PCF Development ha creado m\u00e1s de 400 nuevas unidades de alquiler. PCF Development concibe comunidades sanas para todos y lo demuestra mediante la revitalizaci\u00f3n intensiva de los barrios, la educaci\u00f3n financiera y la participaci\u00f3n de los residentes. Las viviendas de alquiler de PCF Development son asequibles, seguras y atractivas.  La gran mayor\u00eda de nuestras unidades son de reciente construcci\u00f3n o remodelaci\u00f3n.  PCF Desarrollo toma gran [...]<\/p>","protected":false},"author":1,"featured_media":0,"parent":0,"menu_order":0,"comment_status":"closed","ping_status":"closed","template":"","meta":{"footnotes":""},"class_list":["post-12","page","type-page","status-publish","hentry"],"_links":{"self":[{"href":"https:\/\/www.pcfdevelopment.org\/es\/wp-json\/wp\/v2\/pages\/12","targetHints":{"allow":["GET"]}}],"collection":[{"href":"https:\/\/www.pcfdevelopment.org\/es\/wp-json\/wp\/v2\/pages"}],"about":[{"href":"https:\/\/www.pcfdevelopment.org\/es\/wp-json\/wp\/v2\/types\/page"}],"author":[{"embeddable":true,"href":"https:\/\/www.pcfdevelopment.org\/es\/wp-json\/wp\/v2\/users\/1"}],"replies":[{"embeddable":true,"href":"https:\/\/www.pcfdevelopment.org\/es\/wp-json\/wp\/v2\/comments?post=12"}],"version-history":[{"count":0,"href":"https:\/\/www.pcfdevelopment.org\/es\/wp-json\/wp\/v2\/pages\/12\/revisions"}],"wp:attachment":[{"href":"https:\/\/www.pcfdevelopment.org\/es\/wp-json\/wp\/v2\/media?parent=12"}],"curies":[{"name":"wp","href":"https:\/\/api.w.org\/{rel}","templated":true}]}}