{"id":14,"date":"2019-11-25T19:54:33","date_gmt":"2019-11-25T19:54:33","guid":{"rendered":"https:\/\/www.pcfdevelopment.org\/?page_id=14"},"modified":"2026-04-29T17:20:38","modified_gmt":"2026-04-29T17:20:38","slug":"classes","status":"publish","type":"page","link":"https:\/\/www.pcfdevelopment.org\/es\/classes\/","title":{"rendered":"Clases y talleres"},"content":{"rendered":"<div class=\"wp-block-group width-full has-teal-bright-background-color has-background\"><div class=\"wp-block-group__inner-container is-layout-flow wp-block-group-is-layout-flow\">\n<div class=\"wp-block-columns is-layout-flex wp-container-core-columns-is-layout-9d6595d7 wp-block-columns-is-layout-flex\">\n<div class=\"wp-block-column is-layout-flow wp-block-column-is-layout-flow\">\n<p class=\"has-large-font-size\">La educaci\u00f3n del comprador de vivienda es un componente necesario del proceso de compra. PCF Development puede guiarlo a trav\u00e9s de su trayectoria de propiedad de vivienda. Nuestras clases de Educaci\u00f3n para Compradores de Vivienda Previa a la Compra, aprobadas por el HUD, se ofrecen a todos. Las clases se imparten actualmente en l\u00ednea. Tenemos clases convenientes por la noche, por la ma\u00f1ana y los fines de semana en ingl\u00e9s y espa\u00f1ol durante todo el a\u00f1o. <\/p>\n\n\n\n<p>Las pr\u00f3ximas clases de educaci\u00f3n previa a la compra de vivienda aprobadas por el HUD incluyen:<\/p>\n\n\n\n<p><\/p>\n\n\n\n<p><strong>Educaci\u00f3n para compradores de vivienda en ingl\u00e9s&nbsp; <\/strong><\/p>\n\n\n\n<p>S\u00e1b, 18 de abril - 25 de abril de 2026<\/p>\n\n\n\n<p><em>10.00 h - 14.00 h<\/em><\/p>\n\n\n\n<p><\/p>\n\n\n\n<p><\/p>\n\n\n\n<p><strong>Educaci\u00f3n para compradores de vivienda en espa\u00f1ol &nbsp;<\/strong><\/p>\n\n\n\n<p>Pr\u00f3xima clase en breve<\/p>\n\n\n\n<p><\/p>\n\n\n\n<p><\/p>\n\n\n\n<p><\/p>\n\n\n\n<p><strong>Taller sobre finanzas - GRATUITO<\/strong>!<\/p>\n\n\n\n<p>Pr\u00f3xima clase en breve<\/p>\n\n\n\n<p>TBD<\/p>\n\n\n\n<p><\/p>\n\n\n\n<p><strong>Taller posterior a la compra<\/strong> (Ingl\u00e9s) - para antiguos licenciados y compradores de vivienda<\/p>\n\n\n\n<p>S\u00e1bado, 13 de junio de 2026<\/p>\n\n\n\n<p><em>10 de la ma\u00f1ana<\/em><\/p>\n<\/div>\n\n\n\n<div class=\"wp-block-column is-vertically-aligned-top is-layout-flow wp-block-column-is-layout-flow\"><div class=\"wp-block-image\">\n<figure class=\"aligncenter size-large is-resized\"><img loading=\"lazy\" decoding=\"async\" width=\"791\" height=\"1024\" src=\"https:\/\/www.pcfdevelopment.org\/wp-content\/uploads\/2026\/04\/PCF-Development_-June-13-Post-Purchase-class_v2-791x1024.jpg\" alt=\"\" class=\"wp-image-1217\" style=\"width:429px;height:auto\" srcset=\"https:\/\/www.pcfdevelopment.org\/wp-content\/uploads\/2026\/04\/PCF-Development_-June-13-Post-Purchase-class_v2-791x1024.jpg 791w, https:\/\/www.pcfdevelopment.org\/wp-content\/uploads\/2026\/04\/PCF-Development_-June-13-Post-Purchase-class_v2-232x300.jpg 232w, https:\/\/www.pcfdevelopment.org\/wp-content\/uploads\/2026\/04\/PCF-Development_-June-13-Post-Purchase-class_v2-768x994.jpg 768w, https:\/\/www.pcfdevelopment.org\/wp-content\/uploads\/2026\/04\/PCF-Development_-June-13-Post-Purchase-class_v2-1187x1536.jpg 1187w, https:\/\/www.pcfdevelopment.org\/wp-content\/uploads\/2026\/04\/PCF-Development_-June-13-Post-Purchase-class_v2-9x12.jpg 9w, https:\/\/www.pcfdevelopment.org\/wp-content\/uploads\/2026\/04\/PCF-Development_-June-13-Post-Purchase-class_v2.jpg 1445w\" sizes=\"auto, (max-width: 791px) 100vw, 791px\" \/><\/figure><\/div>\n\n\n<p class=\"has-text-align-center\">Para m\u00e1s informaci\u00f3n, p\u00f3ngase en contacto con<\/p>\n\n\n\n<p class=\"has-text-align-center has-large-font-size\"> Dianny Melusky<\/p>\n\n\n\n<p class=\"has-text-align-center\">(401) 726-1173 ext 12 <\/p>\n\n\n\n<p class=\"has-text-align-center\"><a href=\"mailto:dmelusky@pcfdevelopment.org\">dmelusky@pcfdevelopment.org<\/a><\/p>\n<\/div>\n<\/div>\n<\/div><\/div>\n\n\n\n<div class=\"wp-block-group width-narrow has-bluesky-background-color has-background\"><div class=\"wp-block-group__inner-container is-layout-flow wp-block-group-is-layout-flow\">\n<h2 class=\"wp-block-heading\">Clases para Primeros Compradores de Vivienda Aprobadas por HUD<\/h2>\n\n\n\n<p class=\"h4\"><strong>$99 | 4 semanas<\/strong><\/p>\n\n\n\n<p>\u00bfQuiere comprar su primera casa? La propiedad sostenible de una vivienda comienza con la formaci\u00f3n previa a la compra. Aprenda a gestionar su cr\u00e9dito, a elaborar un presupuesto dom\u00e9stico y a reunirse con prestamistas hipotecarios locales que ofrecen los mejores productos hipotecarios.<\/p>\n\n\n\n<p>Tendr\u00e1s:<\/p>\n\n\n\n<ul class=\"wp-block-list\">\n<li>Aprendizaje entre compa\u00f1eros<\/li>\n\n\n\n<li>Un plan de acci\u00f3n personalizado<\/li>\n\n\n\n<li>Una revisi\u00f3n suave de su cr\u00e9dito<\/li>\n\n\n\n<li>Un certificado de 2 a\u00f1os que puede utilizar para solicitar una ayuda para el pago inicial y los gastos de cierre, cuando est\u00e9 disponible.<\/li>\n<\/ul>\n<\/div><\/div>\n\n\n\n<div style=\"height:32px\" aria-hidden=\"true\" class=\"wp-block-spacer\"><\/div>\n\n\n\n<div class=\"wp-block-group width-narrow has-bluesky-background-color has-background\"><div class=\"wp-block-group__inner-container is-layout-flow wp-block-group-is-layout-flow\">\n<h2 class=\"wp-block-heading\">Taller de Arrendador<\/h2>\n\n\n\n<p class=\"h4\"><strong>$79 | 3 horas<\/strong><\/p>\n\n\n\n<p>Este taller ofrece una visi\u00f3n global del negocio de la gesti\u00f3n de una vivienda plurifamiliar. Como propietario, usted dirige un negocio. Aprenda lo que se necesita para tener \u00e9xito y tener una buena relaci\u00f3n con sus inquilinos. Entender la ley de Rhode Island propietario \/ inquilino y sus responsabilidades como propietario de las solicitudes, contratos de arrendamiento, las revelaciones de plomo, y mucho m\u00e1s.<\/p>\n\n\n\n<p>Los talleres se ofrecen en ingl\u00e9s y espa\u00f1ol en horarios convenientes. El certificado de graduaci\u00f3n expedido al finalizar el curso es v\u00e1lido durante 2 a\u00f1os y puede utilizarse en todo el estado de Rhode Island.<\/p>\n<\/div><\/div>\n\n\n\n<div style=\"height:32px\" aria-hidden=\"true\" class=\"wp-block-spacer\"><\/div>\n\n\n\n<div class=\"wp-block-group width-narrow has-bluesky-background-color has-background\"><div class=\"wp-block-group__inner-container is-layout-flow wp-block-group-is-layout-flow\">\n<h2 class=\"wp-block-heading\">Taller de finanzas<\/h2>\n\n\n\n<p class=\"h4\"><strong>GRATIS | 1 hora<\/strong><\/p>\n\n\n\n<p>Nuestros talleres de preparaci\u00f3n financiera son para todo el mundo, tanto si desea obtener m\u00e1s informaci\u00f3n sobre la propiedad de una vivienda como si desea ampliar sus conocimientos sobre inversi\u00f3n o necesita consejos sobre c\u00f3mo empezar a elaborar un presupuesto. A trav\u00e9s de estos talleres gratuitos de una hora de duraci\u00f3n, los participantes adquieren conocimientos sobre la consecuci\u00f3n de objetivos financieros, la elaboraci\u00f3n de presupuestos, la banca, el cuidado con el fraude y los pr\u00e9stamos abusivos, la planificaci\u00f3n financiera para el futuro y la preparaci\u00f3n para ser propietario de una vivienda. Ayudamos a las personas a alinear sus prioridades financieras y a prepararse para el futuro.<\/p>\n<\/div><\/div>\n\n\n\n<h3 class=\"wp-block-heading has-text-align-center\"><\/h3>\n\n\n<div class=\"wp-block-image\">\n<figure class=\"aligncenter size-full is-resized\"><img loading=\"lazy\" decoding=\"async\" width=\"2537\" height=\"653\" src=\"https:\/\/www.pcfdevelopment.org\/wp-content\/uploads\/2026\/04\/Homeownership-and-Financial-Fitness-_Supporters_v2.jpg\" alt=\"\" class=\"wp-image-1208\" style=\"width:1323px;height:auto\" srcset=\"https:\/\/www.pcfdevelopment.org\/wp-content\/uploads\/2026\/04\/Homeownership-and-Financial-Fitness-_Supporters_v2.jpg 2537w, https:\/\/www.pcfdevelopment.org\/wp-content\/uploads\/2026\/04\/Homeownership-and-Financial-Fitness-_Supporters_v2-300x77.jpg 300w, https:\/\/www.pcfdevelopment.org\/wp-content\/uploads\/2026\/04\/Homeownership-and-Financial-Fitness-_Supporters_v2-1024x264.jpg 1024w, https:\/\/www.pcfdevelopment.org\/wp-content\/uploads\/2026\/04\/Homeownership-and-Financial-Fitness-_Supporters_v2-768x198.jpg 768w, https:\/\/www.pcfdevelopment.org\/wp-content\/uploads\/2026\/04\/Homeownership-and-Financial-Fitness-_Supporters_v2-1536x395.jpg 1536w, https:\/\/www.pcfdevelopment.org\/wp-content\/uploads\/2026\/04\/Homeownership-and-Financial-Fitness-_Supporters_v2-2048x527.jpg 2048w, https:\/\/www.pcfdevelopment.org\/wp-content\/uploads\/2026\/04\/Homeownership-and-Financial-Fitness-_Supporters_v2-18x5.jpg 18w\" sizes=\"auto, (max-width: 2537px) 100vw, 2537px\" \/><\/figure><\/div>\n\n\n<div class=\"wp-block-group flex-block\"><div class=\"wp-block-group__inner-container is-layout-flow wp-block-group-is-layout-flow\"><\/div><\/div>\n\n\n\n<div class=\"wp-block-group has-teal-background-color has-background\"><div class=\"wp-block-group__inner-container is-layout-flow wp-block-group-is-layout-flow\">\n<div class=\"wp-block-group newsletter-signup\"><div class=\"wp-block-group__inner-container is-layout-flow wp-block-group-is-layout-flow\">\n<div class=\"wp-block-columns is-layout-flex wp-container-core-columns-is-layout-9d6595d7 wp-block-columns-is-layout-flex\">\n<div class=\"wp-block-column is-layout-flow wp-block-column-is-layout-flow\">\n<h3 class=\"wp-block-heading\">Mant\u00e9ngase al d\u00eda con nuestro bolet\u00edn<\/h3>\n<\/div>\n\n\n\n<div class=\"wp-block-column is-layout-flow wp-block-column-is-layout-flow\">\n<p>Una vez al mes, noticias, anuncios y recordatorios de eventos.<\/p>\n\n\n\n<p> <a rel=\"noreferrer noopener\" href=\"https:\/\/lp.constantcontact.com\/su\/NeWVYMf\" target=\"_blank\">Inscribirse<\/a><\/p>\n<\/div>\n<\/div>\n<\/div><\/div>\n\n\n\n<p><\/p>\n<\/div><\/div>\n\n\n\n<p class=\"has-text-color has-teal-dark-color h3 block-reusable_support\">Las donaciones contribuyen a hacer realidad el sue\u00f1o de una familia: un hogar seguro y asequible.<\/p>\n\n\n\n<div class=\"wp-block-button block-reusable_donate\"><a class=\"wp-block-button__link\" href=\"https:\/\/www.pcfdevelopment.org\/es\/donate\/\">Apoye nuestro trabajo<\/a><\/div>\n\n\n\n<p><\/p>","protected":false},"excerpt":{"rendered":"<p>La educaci\u00f3n del comprador de vivienda es un componente necesario del proceso de compra. PCF Desarrollo puede guiarlo a trav\u00e9s de su viaje de propiedad de vivienda. Nuestras clases de Educaci\u00f3n para Compradores de Vivienda Previa a la Compra, aprobadas por el HUD, se ofrecen a todos. Actualmente, las clases se imparten en l\u00ednea. Tenemos clases convenientes por la noche, por la ma\u00f1ana y los fines de semana en ingl\u00e9s y espa\u00f1ol durante todo el a\u00f1o. Pr\u00f3ximas clases de educaci\u00f3n para compradores de vivienda previas a la compra aprobadas por el HUD [...]<\/p>","protected":false},"author":1,"featured_media":0,"parent":0,"menu_order":0,"comment_status":"closed","ping_status":"closed","template":"","meta":{"footnotes":""},"class_list":["post-14","page","type-page","status-publish","hentry"],"_links":{"self":[{"href":"https:\/\/www.pcfdevelopment.org\/es\/wp-json\/wp\/v2\/pages\/14","targetHints":{"allow":["GET"]}}],"collection":[{"href":"https:\/\/www.pcfdevelopment.org\/es\/wp-json\/wp\/v2\/pages"}],"about":[{"href":"https:\/\/www.pcfdevelopment.org\/es\/wp-json\/wp\/v2\/types\/page"}],"author":[{"embeddable":true,"href":"https:\/\/www.pcfdevelopment.org\/es\/wp-json\/wp\/v2\/users\/1"}],"replies":[{"embeddable":true,"href":"https:\/\/www.pcfdevelopment.org\/es\/wp-json\/wp\/v2\/comments?post=14"}],"version-history":[{"count":0,"href":"https:\/\/www.pcfdevelopment.org\/es\/wp-json\/wp\/v2\/pages\/14\/revisions"}],"wp:attachment":[{"href":"https:\/\/www.pcfdevelopment.org\/es\/wp-json\/wp\/v2\/media?parent=14"}],"curies":[{"name":"wp","href":"https:\/\/api.w.org\/{rel}","templated":true}]}}