{"id":16,"date":"2019-11-25T19:54:42","date_gmt":"2019-11-25T19:54:42","guid":{"rendered":"https:\/\/www.pcfdevelopment.org\/?page_id=16"},"modified":"2025-11-04T22:33:55","modified_gmt":"2025-11-04T22:33:55","slug":"community","status":"publish","type":"page","link":"https:\/\/www.pcfdevelopment.org\/es\/community\/","title":{"rendered":"Construyendo Comunidad"},"content":{"rendered":"<div class=\"wp-block-group width-full has-teal-bright-background-color has-background\"><div class=\"wp-block-group__inner-container is-layout-flow wp-block-group-is-layout-flow\">\n<div class=\"wp-block-columns is-layout-flex wp-container-core-columns-is-layout-9d6595d7 wp-block-columns-is-layout-flex\">\n<div class=\"wp-block-column is-layout-flow wp-block-column-is-layout-flow\">\n<p class=\"has-large-font-size\">Porque hace falta algo m\u00e1s que viviendas para construir y mantener vecindarios fuertes. &nbsp;<\/p>\n\n\n\n<p>Para tener \u00e9xito, los residentes deben participar activamente en el fortalecimiento de su vecindario. Desde sus comienzos, PCF Development se ha dedicado a varias iniciativas de planificaci\u00f3n comunitaria basadas en la participaci\u00f3n de los residentes. Cada iniciativa se ha basado en el entendimiento de que escuchando a los residentes del vecindario, actuando sobre sus preocupaciones y conectando a la comunidad con los recursos locales, se producir\u00e1 un cambio positivo.<\/p>\n<\/div>\n\n\n\n<div class=\"wp-block-column is-vertically-aligned-bottom is-layout-flow wp-block-column-is-layout-flow\"><div class=\"wp-block-image\">\n<figure class=\"aligncenter size-large is-resized\"><img loading=\"lazy\" decoding=\"async\" width=\"768\" height=\"1024\" src=\"https:\/\/www.pcfdevelopment.org\/wp-content\/uploads\/2019\/12\/IMG_1367-768x1024.jpg\" alt=\"A little girl displays her craft proudly at an outdoor community event\" class=\"wp-image-297\" style=\"width:384px;height:512px\" srcset=\"https:\/\/www.pcfdevelopment.org\/wp-content\/uploads\/2019\/12\/IMG_1367-768x1024.jpg 768w, https:\/\/www.pcfdevelopment.org\/wp-content\/uploads\/2019\/12\/IMG_1367-225x300.jpg 225w, https:\/\/www.pcfdevelopment.org\/wp-content\/uploads\/2019\/12\/IMG_1367-1152x1536.jpg 1152w, https:\/\/www.pcfdevelopment.org\/wp-content\/uploads\/2019\/12\/IMG_1367-1536x2048.jpg 1536w, https:\/\/www.pcfdevelopment.org\/wp-content\/uploads\/2019\/12\/IMG_1367-scaled.jpg 1920w\" sizes=\"auto, (max-width: 768px) 100vw, 768px\" \/><\/figure><\/div>\n\n\n<p><\/p>\n<\/div>\n<\/div>\n<\/div><\/div>\n\n\n\n<div style=\"height:96px\" aria-hidden=\"true\" class=\"wp-block-spacer\"><\/div>\n\n\n\n<div class=\"wp-block-media-text alignwide is-vertically-aligned-top has-background is-stacked-on-mobile has-bluesky-background-color\"><figure class=\"wp-block-media-text__media\"><img loading=\"lazy\" decoding=\"async\" width=\"1024\" height=\"791\" src=\"https:\/\/www.pcfdevelopment.org\/wp-content\/uploads\/2025\/11\/PCF-Development-2025-Postcard-1-1024x791.jpg\" alt=\"\" class=\"wp-image-1175 size-full\" srcset=\"https:\/\/www.pcfdevelopment.org\/wp-content\/uploads\/2025\/11\/PCF-Development-2025-Postcard-1-1024x791.jpg 1024w, https:\/\/www.pcfdevelopment.org\/wp-content\/uploads\/2025\/11\/PCF-Development-2025-Postcard-1-300x232.jpg 300w, https:\/\/www.pcfdevelopment.org\/wp-content\/uploads\/2025\/11\/PCF-Development-2025-Postcard-1-768x593.jpg 768w, https:\/\/www.pcfdevelopment.org\/wp-content\/uploads\/2025\/11\/PCF-Development-2025-Postcard-1-1536x1187.jpg 1536w, https:\/\/www.pcfdevelopment.org\/wp-content\/uploads\/2025\/11\/PCF-Development-2025-Postcard-1-16x12.jpg 16w, https:\/\/www.pcfdevelopment.org\/wp-content\/uploads\/2025\/11\/PCF-Development-2025-Postcard-1.jpg 1650w\" sizes=\"auto, (max-width: 1024px) 100vw, 1024px\" \/><\/figure><div class=\"wp-block-media-text__content\">\n<h2 class=\"wp-block-heading\">Programas actuales\/activos<\/h2>\n\n\n\n<p>Conectar con nuestros inquilinos y apoyarlos es vital para lo que hacemos. PCF Development ha organizado regalos de cestas de alimentos para Acci\u00f3n de Gracias, campa\u00f1as de recogida de juguetes, fiestas de barrio y oportunidades de formaci\u00f3n continua para nuestra comunidad. Ponemos a los inquilinos en contacto con servicios adicionales, como clases de preparaci\u00f3n financiera, talleres de elaboraci\u00f3n de presupuestos, asistencia para la calefacci\u00f3n y atenci\u00f3n extraescolar.<\/p>\n\n\n\n<p><\/p>\n\n\n\n<p><\/p>\n<\/div><\/div>\n\n\n\n<div class=\"wp-block-media-text alignwide has-media-on-the-right is-vertically-aligned-top has-background is-stacked-on-mobile has-bluesky-background-color\"><div class=\"wp-block-media-text__content\">\n<h2 class=\"wp-block-heading\">Participaci\u00f3n de los residentes<\/h2>\n\n\n\n<p>PCF Development cuenta con un coordinador de servicios a residentes a tiempo completo que se pone en contacto con los inquilinos, trabaja con las familias que est\u00e1n atrasadas en el pago del alquiler y recomienda servicios de asistencia en funci\u00f3n de sus necesidades. <\/p>\n\n\n\n<p>PCF Development es una de las partes interesadas con m\u00e1s antig\u00fcedad en la iniciativa Health Equity Zone (HEZ), cuyo objetivo es mejorar la salud de la comunidad en Pawtucket y Central Falls.<\/p>\n\n\n\n<p>.<\/p>\n<\/div><figure class=\"wp-block-media-text__media\"><img loading=\"lazy\" decoding=\"async\" width=\"1024\" height=\"878\" src=\"https:\/\/www.pcfdevelopment.org\/wp-content\/uploads\/2019\/12\/20190214_154754-1024x878.jpg\" alt=\"\" class=\"wp-image-307 size-full\" srcset=\"https:\/\/www.pcfdevelopment.org\/wp-content\/uploads\/2019\/12\/20190214_154754-1024x878.jpg 1024w, https:\/\/www.pcfdevelopment.org\/wp-content\/uploads\/2019\/12\/20190214_154754-300x257.jpg 300w, https:\/\/www.pcfdevelopment.org\/wp-content\/uploads\/2019\/12\/20190214_154754-768x658.jpg 768w, https:\/\/www.pcfdevelopment.org\/wp-content\/uploads\/2019\/12\/20190214_154754-1536x1316.jpg 1536w, https:\/\/www.pcfdevelopment.org\/wp-content\/uploads\/2019\/12\/20190214_154754-2048x1755.jpg 2048w\" sizes=\"auto, (max-width: 1024px) 100vw, 1024px\" \/><\/figure><\/div>\n\n\n\n<div class=\"wp-block-media-text alignwide is-vertically-aligned-top has-background is-stacked-on-mobile has-bluesky-background-color\"><figure class=\"wp-block-media-text__media\"><img loading=\"lazy\" decoding=\"async\" width=\"733\" height=\"1024\" src=\"https:\/\/www.pcfdevelopment.org\/wp-content\/uploads\/2019\/12\/thanksgiving_crop-733x1024.jpg\" alt=\"\" class=\"wp-image-282 size-full\" srcset=\"https:\/\/www.pcfdevelopment.org\/wp-content\/uploads\/2019\/12\/thanksgiving_crop-733x1024.jpg 733w, https:\/\/www.pcfdevelopment.org\/wp-content\/uploads\/2019\/12\/thanksgiving_crop-215x300.jpg 215w, https:\/\/www.pcfdevelopment.org\/wp-content\/uploads\/2019\/12\/thanksgiving_crop-768x1072.jpg 768w, https:\/\/www.pcfdevelopment.org\/wp-content\/uploads\/2019\/12\/thanksgiving_crop-1100x1536.jpg 1100w, https:\/\/www.pcfdevelopment.org\/wp-content\/uploads\/2019\/12\/thanksgiving_crop-1467x2048.jpg 1467w, https:\/\/www.pcfdevelopment.org\/wp-content\/uploads\/2019\/12\/thanksgiving_crop-scaled.jpg 1834w\" sizes=\"auto, (max-width: 733px) 100vw, 733px\" \/><\/figure><div class=\"wp-block-media-text__content\">\n<h2 class=\"wp-block-heading\">Salud comunitaria<\/h2>\n\n\n\n<p>PCF Development ha participado activamente en proyectos locales de planificaci\u00f3n comunitaria e infraestructuras, como HEZ, la Iniciativa de Regeneraci\u00f3n de Broad Street, KeepSpace y Healthy Places By Design.<\/p>\n\n\n\n<p>Nuestro equipo ha financiado y desarrollado dos parques infantiles p\u00fablicos y un carril bici que conecta cuatro escuelas locales con barrios residenciales. Estamos comprometidos con el desarrollo seg\u00fan los principios del crecimiento inteligente y la creaci\u00f3n de viviendas en comunidades ricas en recursos que est\u00e9n conectadas con el transporte p\u00fablico, los puestos de trabajo, las escuelas y las necesidades dom\u00e9sticas cotidianas.<\/p>\n<\/div><\/div>\n\n\n\n<div style=\"height:64px\" aria-hidden=\"true\" class=\"wp-block-spacer\"><\/div>\n\n\n\n<p class=\"has-text-color has-teal-dark-color h3 block-reusable_support\">Las donaciones contribuyen a hacer realidad el sue\u00f1o de una familia: un hogar seguro y asequible.<\/p>\n\n\n\n<div class=\"wp-block-button block-reusable_donate\"><a class=\"wp-block-button__link\" href=\"https:\/\/www.pcfdevelopment.org\/es\/donate\/\">Apoye nuestro trabajo<\/a><\/div>\n\n\n\n<p><\/p>","protected":false},"excerpt":{"rendered":"<p>Porque se necesita algo m\u00e1s que una vivienda para construir y mantener barrios fuertes.   Para tener \u00e9xito, los residentes deben participar activamente en el fortalecimiento de su vecindario. Desde sus inicios, PCF Development se ha dedicado a varias iniciativas de planificaci\u00f3n comunitaria basadas en la participaci\u00f3n de los residentes. Cada iniciativa se ha basado en el entendimiento de que al escuchar a los residentes del barrio, [...]<\/p>","protected":false},"author":1,"featured_media":0,"parent":0,"menu_order":0,"comment_status":"closed","ping_status":"closed","template":"","meta":{"footnotes":""},"class_list":["post-16","page","type-page","status-publish","hentry"],"_links":{"self":[{"href":"https:\/\/www.pcfdevelopment.org\/es\/wp-json\/wp\/v2\/pages\/16","targetHints":{"allow":["GET"]}}],"collection":[{"href":"https:\/\/www.pcfdevelopment.org\/es\/wp-json\/wp\/v2\/pages"}],"about":[{"href":"https:\/\/www.pcfdevelopment.org\/es\/wp-json\/wp\/v2\/types\/page"}],"author":[{"embeddable":true,"href":"https:\/\/www.pcfdevelopment.org\/es\/wp-json\/wp\/v2\/users\/1"}],"replies":[{"embeddable":true,"href":"https:\/\/www.pcfdevelopment.org\/es\/wp-json\/wp\/v2\/comments?post=16"}],"version-history":[{"count":0,"href":"https:\/\/www.pcfdevelopment.org\/es\/wp-json\/wp\/v2\/pages\/16\/revisions"}],"wp:attachment":[{"href":"https:\/\/www.pcfdevelopment.org\/es\/wp-json\/wp\/v2\/media?parent=16"}],"curies":[{"name":"wp","href":"https:\/\/api.w.org\/{rel}","templated":true}]}}