{"id":27,"date":"2019-11-25T19:55:32","date_gmt":"2019-11-25T19:55:32","guid":{"rendered":"https:\/\/www.pcfdevelopment.org\/?page_id=27"},"modified":"2022-10-11T16:54:38","modified_gmt":"2022-10-11T16:54:38","slug":"contact","status":"publish","type":"page","link":"https:\/\/www.pcfdevelopment.org\/es\/contact\/","title":{"rendered":"Contacto"},"content":{"rendered":"<div class=\"wp-block-group has-teal-bright-background-color has-background width-full\"><div class=\"wp-block-group__inner-container is-layout-flow wp-block-group-is-layout-flow\">\n<div class=\"wp-block-columns is-layout-flex wp-container-core-columns-is-layout-9d6595d7 wp-block-columns-is-layout-flex\">\n<div class=\"wp-block-column is-layout-flow wp-block-column-is-layout-flow\">\n<p><strong>Tel\u00e9fono:<\/strong> <a href=\"tel:+14017261173\">401.726.1173<\/a><\/p>\n\n\n\n<p><strong>Fax:<\/strong> 401.725.3261<\/p>\n\n\n\n<p><a href=\"mailto:info@pcfdevelopment.com\">info@pcfdevelopment.org<\/a><\/p>\n\n\n\n<p>204 Broad Street<br>Pawtucket, Rhode Island<br>02860<\/p>\n<\/div>\n\n\n\n<div class=\"wp-block-column is-layout-flow wp-block-column-is-layout-flow\">\n<iframe loading=\"lazy\" scrolling=\"no\" marginheight=\"0\" marginwidth=\"0\" src=\"https:\/\/www.openstreetmap.org\/export\/embed.html?bbox=-71.38772249221803%2C41.88160371585593%2C-71.38601928949358%2C41.883357035120326&amp;layer=mapnik\" style=\"border: 1px solid black\" width=\"425\" height=\"350\" frameborder=\"0\"><\/iframe><br><small><a href=\"https:\/\/www.openstreetmap.org\/#map=19\/41.88248\/-71.38687\">Ver mapa m\u00e1s grande<\/a><\/small>\n<\/div>\n<\/div>\n<\/div><\/div>\n\n\n\n<div style=\"height:32px\" aria-hidden=\"true\" class=\"wp-block-spacer\"><\/div>\n\n\n\n<p><strong>RFP DISPONIBLE:<\/strong> PCF Development busca propuestas para la demolici\u00f3n de una vivienda bifamiliar en Pawtucket. Las respuestas deben presentarse antes del 2 de noviembre. La visita obligatoria es el 17 de octubre. Haga clic en <a rel=\"noreferrer noopener\" href=\"https:\/\/www.pcfdevelopment.org\/wp-content\/uploads\/2022\/10\/Bid_Demo_38-Japonica_10-7-2022b.pdf\" target=\"_blank\">aqu\u00ed <\/a>para la RFP y <a rel=\"noreferrer noopener\" href=\"http:\/\/www.pcfdevelopment.org\/wp-content\/uploads\/2022\/10\/Bid_Demo_38-Japonica_10-7-2022_plan4.pdf\" target=\"_blank\">aqu\u00ed <\/a>para el Plan. Copias impresas o unidades de disco extra\u00edbles disponibles previa solicitud. Para m\u00e1s informaci\u00f3n, p\u00f3ngase en contacto con Kim Pereira (kpereira@pcfdevelopment.org).  V\u00e9ase el ap\u00e9ndice 1 <a href=\"https:\/\/www.pcfdevelopment.org\/wp-content\/uploads\/2022\/10\/Addendum_1.pdf\" target=\"_blank\" rel=\"noreferrer noopener\">aqu\u00ed<\/a><\/p>\n\n\n\n<h2 class=\"wp-block-heading\">C\u00f3mo llegar<\/h2>\n\n\n\n<div class=\"wp-block-columns is-layout-flex wp-container-core-columns-is-layout-9d6595d7 wp-block-columns-is-layout-flex\">\n<div class=\"wp-block-column is-layout-flow wp-block-column-is-layout-flow\">\n<h3 class=\"wp-block-heading\"><strong>Transporte p\u00fablico<\/strong><\/h3>\n\n\n\n<p>Nuestra oficina est\u00e1 a poca distancia de las rutas RIPTA 1, 71, 72, 75 y la R-Line.  El Pawtucket Transit Center (incluye 12 l\u00edneas de autob\u00fas RIPTA) est\u00e1 a 10 minutos a pie de nuestra oficina.<\/p>\n\n\n\n<h3 class=\"wp-block-heading\"><strong>En bicicleta<\/strong><\/h3>\n\n\n\n<p>\u00a1Tenemos un aparcamiento para bicicletas!  Nuestra oficina se encuentra a tres manzanas al oeste de la ruta de conexi\u00f3n Blackstone Valley Bikeway.  Siga las l\u00edneas marcadas en direcci\u00f3n sur desde el carril bici de Blackstone Valley o en direcci\u00f3n norte desde el carril bici de East Bay.  Dir\u00edjase al oeste hacia Broad Street por Clay St en Central Falls o Exchange Street en Pawtucket.  El bikerack est\u00e1 junto a la puerta trasera del aparcamiento.<\/p>\n<\/div>\n\n\n\n<div class=\"wp-block-column is-layout-flow wp-block-column-is-layout-flow\">\n<h3 class=\"wp-block-heading\"><strong>En coche<\/strong><\/h3>\n\n\n\n<h4 class=\"wp-block-heading\">Desde el Sur<\/h4>\n\n\n\n<p>Tome la interestatal 95 norte hasta la salida 29.  Desde la rampa de salida gire a la izquierda hacia Broadway Street.  Gire a la izquierda en Broadway y conduzca hacia el sur durante 0,2 millas.  Gire a la derecha en Exchange Street y conduzca hacia el oeste durante 0,4 millas.  Gire a la derecha en Broad Street y siga hasta el 204 de Broad Street - a la izquierda.<\/p>\n\n\n\n<h4 class=\"wp-block-heading\">Desde el Norte<\/h4>\n\n\n\n<p>Tome la Interestatal 95 sur hasta la salida 29 hacia el centro de Pawtucket.  Gire a la derecha en Broadway Street y conduzca hacia el sur durante 0,2 millas.  Gire a la derecha en Exchange Street y conduzca hacia el oeste durante 0,4 millas.   Gire a la derecha en Broad Street y siga hasta el 204 de Broad Street, a la izquierda.<\/p>\n\n\n\n<p>PCF Development dispone de dos plazas de aparcamiento reservadas en nuestro aparcamiento.  Por favor\ns\u00edrvase usted mismo.  Le pedimos que por favor no aparcar en los espacios reservados\npara los inquilinos residenciales.  Amplio aparcamiento en la calle tambi\u00e9n est\u00e1 disponible.<\/p>\n<\/div>\n<\/div>","protected":false},"excerpt":{"rendered":"<p>Tel\u00e9fono 401.726.1173 Fax: 401.725.3261 info@pcfdevelopment.org 204 Broad StreetPawtucket, Rhode Island02860 View Larger Map RFP DISPONIBLE: PCF Development busca propuestas para la demolici\u00f3n de una vivienda bifamiliar en Pawtucket. Las respuestas deben presentarse antes del 2 de noviembre. Recorrido obligatorio es el 17 de octubre. Haga clic aqu\u00ed para el RFP y aqu\u00ed para el Plan. Copias impresas o unidades de salto [...]<\/p>","protected":false},"author":1,"featured_media":0,"parent":0,"menu_order":0,"comment_status":"closed","ping_status":"closed","template":"","meta":{"footnotes":""},"class_list":["post-27","page","type-page","status-publish","hentry"],"_links":{"self":[{"href":"https:\/\/www.pcfdevelopment.org\/es\/wp-json\/wp\/v2\/pages\/27","targetHints":{"allow":["GET"]}}],"collection":[{"href":"https:\/\/www.pcfdevelopment.org\/es\/wp-json\/wp\/v2\/pages"}],"about":[{"href":"https:\/\/www.pcfdevelopment.org\/es\/wp-json\/wp\/v2\/types\/page"}],"author":[{"embeddable":true,"href":"https:\/\/www.pcfdevelopment.org\/es\/wp-json\/wp\/v2\/users\/1"}],"replies":[{"embeddable":true,"href":"https:\/\/www.pcfdevelopment.org\/es\/wp-json\/wp\/v2\/comments?post=27"}],"version-history":[{"count":0,"href":"https:\/\/www.pcfdevelopment.org\/es\/wp-json\/wp\/v2\/pages\/27\/revisions"}],"wp:attachment":[{"href":"https:\/\/www.pcfdevelopment.org\/es\/wp-json\/wp\/v2\/media?parent=27"}],"curies":[{"name":"wp","href":"https:\/\/api.w.org\/{rel}","templated":true}]}}