{"id":33,"date":"2019-11-26T22:23:11","date_gmt":"2019-11-26T22:23:11","guid":{"rendered":"https:\/\/www.pcfdevelopment.org\/?page_id=33"},"modified":"2025-04-08T18:17:48","modified_gmt":"2025-04-08T18:17:48","slug":"people","status":"publish","type":"page","link":"https:\/\/www.pcfdevelopment.org\/es\/about\/people\/","title":{"rendered":"Nuestro equipo"},"content":{"rendered":"<div class=\"wp-block-group width-full has-teal-bright-background-color has-background\"><div class=\"wp-block-group__inner-container is-layout-flow wp-block-group-is-layout-flow\">\n<div style=\"height:20px\" aria-hidden=\"true\" class=\"wp-block-spacer\"><\/div>\n<\/div><\/div>\n\n\n\n<div style=\"height:32px\" aria-hidden=\"true\" class=\"wp-block-spacer\"><\/div>\n\n\n\n<div class=\"wp-block-group width-narrow\"><div class=\"wp-block-group__inner-container is-layout-flow wp-block-group-is-layout-flow\">\n<h2 class=\"wp-block-heading\">Personal<\/h2>\n\n\n\n<div style=\"height:32px\" aria-hidden=\"true\" class=\"wp-block-spacer\"><\/div>\n\n\n\n<h3 class=\"wp-block-heading\">Linda Weisinger, Directora Ejecutiva <\/h3>\n\n\n\n<p><a href=\"mailto:lweisinger@pcfdevelopment.org\">lweisinger@pcfdevelopment.org<\/a><\/p>\n\n\n\n<p>Linda Weisinger se uni\u00f3 a PCF Development como Directora Ejecutiva en mayo de 2015.  Aporta m\u00e1s de 20 a\u00f1os de experiencia en vivienda asequible y desarrollo de la propiedad de la vivienda.  Linda fue la presidenta del Comit\u00e9 de Propiedad de Vivienda de la Red de Vivienda de 2008 a 2015.  Le gusta hacer ejercicio y correr 5k en su tiempo libre.<\/p>\n\n\n\n<div style=\"height:32px\" aria-hidden=\"true\" class=\"wp-block-spacer\"><\/div>\n\n\n\n<h3 class=\"wp-block-heading\">Kim Pereira, Director de Construcci\u00f3n y Gesti\u00f3n de Proyectos <\/h3>\n\n\n\n<p><a href=\"mailto:kpereira@pcfdevelopment.org\">kpereira@pcfdevelopment.org<\/a><\/p>\n\n\n\n<p>Kim Pereira trabaja en PCF Development desde 1995.  Ella es responsable de la construcci\u00f3n y supervisi\u00f3n de proyectos de todas las viviendas de PCF.  Es gracias al ojo de Kim para los detalles que nuestras promociones salen tan bien.  Kim comenz\u00f3 su carrera trabajando como planificador de la tierra y progres\u00f3 a un Gerente de Proyecto de Construcci\u00f3n para un gran promotor inmobiliario comercial de Hartford, CT.<\/p>\n\n\n\n<div style=\"height:32px\" aria-hidden=\"true\" class=\"wp-block-spacer\"><\/div>\n\n\n\n<h3 class=\"wp-block-heading\">Andrew Pierson, Director de Desarrollo Inmobiliario <\/h3>\n\n\n\n<p><a href=\"mailto:apierson@pcfdevelopment.org\">apierson@pcfdevelopment.org<\/a><\/p>\n\n\n\n<p>Andrew divide su tiempo entre el sector inmobiliario y la administraci\u00f3n de PCF Development.  En el lado de bienes ra\u00edces responsabilidades de Andrew incluyen todas las actividades de pre-construcci\u00f3n, tales como la propiedad y la adquisici\u00f3n de financiaci\u00f3n, la escritura de subvenci\u00f3n, las aprobaciones de zonificaci\u00f3n, trabajando con arquitectos e ingenieros, etc y el montaje de LIHTC ofertas.  Andrew tambi\u00e9n trabaja en estrecha colaboraci\u00f3n con las comunicaciones, la participaci\u00f3n de los residentes y el equipo de administraci\u00f3n para supervisar las operaciones y los esfuerzos de divulgaci\u00f3n en PCF Desarrollo.<\/p>\n\n\n\n<p>Andrew se siente incre\u00edblemente afortunado de poder ver el impacto que el PCF tiene en la comunidad, incluso desde la oficina.  Trabajar para transformar comunidades en dificultades es un trabajo incre\u00edblemente duro, pero ver c\u00f3mo se construyen nuevas viviendas, c\u00f3mo las familias empujan sus cochecitos por la acera y c\u00f3mo antiguos focos de delincuencia se convierten en lugares para vivir y trabajar hace que sea f\u00e1cil venir a trabajar todos los d\u00edas.<\/p>\n\n\n\n<p>Cualquier noche de la semana o cualquier fin de semana se puede encontrar a Andrew trabajando en su casa o pasando tiempo con su mujer y sus tres hijas.<\/p>\n\n\n\n<div style=\"height:32px\" aria-hidden=\"true\" class=\"wp-block-spacer\"><\/div>\n\n\n\n<h3 class=\"wp-block-heading\">Dianny Melusky, Coordinadora de Adquisici\u00f3n de Viviendas <\/h3>\n\n\n\n<p><a href=\"mailto:dpena@pcfdevelopment.org\">dpena@pcfdevelopment.org<\/a><\/p>\n\n\n\n<p>Dianny es asesora certificada por el HUD y trabaja con los compradores de vivienda para conseguir una propiedad sostenible y mejorar su \u00e9xito a largo plazo. Adem\u00e1s, es responsable de la coordinaci\u00f3n de las iniciativas de relaciones con los residentes, incluyendo una comunidad anual Fall Fest y Toys for Tots evento. Dianny ha estado con PCF desde el oto\u00f1o de 2013, cuando comenz\u00f3 su carrera como miembro de AmeriCorps. Le gusta usar los muchos sombreros que vienen con el trabajo en una organizaci\u00f3n sin fines de lucro. &nbsp;<\/p>\n\n\n\n<p>En un \"d\u00eda de trabajo\" normal, se puede encontrar a Dianny trabajando con un comprador para conseguir sus objetivos, paseando por el barrio y hablando con los residentes sobre sus necesidades y deseos, inspeccionando el paisaje urbano o trabajando diligentemente en la oficina. El fin de semana, lo m\u00e1s probable es que la encuentre acurrucada con su perro, Tiger.<\/p>\n\n\n\n<div style=\"height:32px\" aria-hidden=\"true\" class=\"wp-block-spacer\"><\/div>\n\n\n\n<h3 class=\"wp-block-heading\">Helder Ferreira, Superintendente de Construcci\u00f3n<\/h3>\n\n\n\n<p><a href=\"mailto:hferreira@pcfdevelopment.org\">hferreira@pcfdevelopment.org<\/a> &nbsp;<\/p>\n\n\n\n<p>Helder Ferreira empez\u00f3 su carrera en el sector de la vivienda asequible en 1999 como estudiante de un programa de formaci\u00f3n en construcci\u00f3n dirigido a j\u00f3venes adultos de Pawtucket y Central Falls. Ahora es carpintero con m\u00e1s de 15 a\u00f1os de experiencia en todos los aspectos de la construcci\u00f3n residencial.  Con una amplia experiencia en la nueva construcci\u00f3n, as\u00ed como la rehabilitaci\u00f3n de las unidades existentes, Helder es responsable de las operaciones diarias de la peque\u00f1a cuadrilla de construcci\u00f3n que construye 1 a 2 casas de la familia para los compradores de vivienda por primera vez. Recientemente Helder y su equipo completaron la casa en el 95 de Washington en Central Falls. &nbsp;<\/p>\n\n\n\n<p>Residente en Pawtucket, Helder disfruta viendo c\u00f3mo el trabajo que realiza aporta cambios positivos a las familias de la comunidad local. Cuando no est\u00e1 trabajando, Helder disfruta pasando tiempo con sus dos hijos.<\/p>\n\n\n\n<div style=\"height:32px\" aria-hidden=\"true\" class=\"wp-block-spacer\"><\/div>\n\n\n\n<h3 class=\"wp-block-heading\">Christine Sherman, Contable<\/h3>\n\n\n\n<p><a href=\"mailto:csherman@pcfdevelopment.org\">csherman@pcfdevelopment.org<\/a><\/p>\n\n\n\n<p>Christine se uni\u00f3 al personal de Desarrollo del PCF como contable en 2007 y es responsable de todas las transacciones financieras diarias y de la preparaci\u00f3n de solicitudes para el desarrollo de viviendas y la financiaci\u00f3n administrativa.  Tambi\u00e9n ha trabajado como contable aut\u00f3noma desde 2003. Christine est\u00e1 orgullosa de trabajar para PCF por sus grandes logros y visiones para un futuro mejor, uno que promueva el desarrollo comunitario y fomente la revitalizaci\u00f3n de los barrios.<\/p>\n\n\n\n<p>En su tiempo libre, Christine disfruta jugando al f\u00fatbol sala femenino de competici\u00f3n y horneando para el personal del PCF.<\/p>\n\n\n\n<div style=\"height:32px\" aria-hidden=\"true\" class=\"wp-block-spacer\"><\/div>\n\n\n\n<h3 class=\"wp-block-heading\">Judy Barlow, Directora de Finanzas y Control<\/h3>\n\n\n\n<p><a href=\"mailto:jbarlow@pcfdevelopment.org\">jbarlow@pcfdevelopment.org<\/a><\/p>\n\n\n\n<p>Judy Barlow, Directora de Finanzas y Control, lleva en PCF Development desde 2016, aportando su gran conocimiento en los campos de la gesti\u00f3n financiera sin \u00e1nimo de lucro, la vivienda y el desarrollo comunitario, y la sostenibilidad.  En esta capacidad, Judy facilita las finanzas y la presentaci\u00f3n de informes para la organizaci\u00f3n y sus entidades relacionadas para garantizar el cumplimiento y la puntualidad.  Le gusta viajar, la familia y los amigos.<\/p>\n<\/div><\/div>\n\n\n\n<h2 class=\"wp-block-heading\">Consejo de Administraci\u00f3n<\/h2>\n\n\n\n<div class=\"wp-block-columns is-layout-flex wp-container-core-columns-is-layout-9d6595d7 wp-block-columns-is-layout-flex\">\n<div class=\"wp-block-column is-layout-flow wp-block-column-is-layout-flow\" style=\"flex-basis:29%\">\n<h3 class=\"wp-block-heading\">Funcionarios<\/h3>\n\n\n\n<p><strong>Presidente<\/strong><br>George J. Charette, III<\/p>\n\n\n\n<p><strong>Vicepresidente<\/strong> <br>John Chopoorian<\/p>\n\n\n\n<p><strong>Tesorero<\/strong><br>Jos\u00e9 Lopes<\/p>\n\n\n\n<p><strong>Secretario<\/strong><br>Elizabeth Moreira<\/p>\n\n\n\n<p><\/p>\n\n\n\n<h3 class=\"wp-block-heading\">Directores<\/h3>\n\n\n\n<p>Aboubacar Camara<\/p>\n\n\n\n<p>Octavio Gon\u00e7alves<\/p>\n\n\n\n<p>Kevin Kazarian<\/p>\n\n\n\n<p>Meaghan Levasseur<\/p>\n\n\n\n<p>Jos\u00e9 Lopes<\/p>\n\n\n\n<p>Antonio Moreira<\/p>\n\n\n\n<p>Wilma Smith<\/p>\n\n\n\n<p>Carlos Vargas<\/p>\n<\/div>\n\n\n\n<div class=\"wp-block-column is-layout-flow wp-block-column-is-layout-flow\" style=\"flex-basis:21%\">\n<p><\/p>\n\n\n\n<p><\/p>\n\n\n\n<p><\/p>\n\n\n\n<p><\/p>\n<\/div>\n\n\n\n<div class=\"wp-block-column is-layout-flow wp-block-column-is-layout-flow\" style=\"flex-basis:50%\">\n<figure class=\"wp-block-image size-full\"><img loading=\"lazy\" decoding=\"async\" width=\"960\" height=\"720\" src=\"https:\/\/www.pcfdevelopment.org\/wp-content\/uploads\/2020\/01\/Board.jpg\" alt=\"\" class=\"wp-image-429\" srcset=\"https:\/\/www.pcfdevelopment.org\/wp-content\/uploads\/2020\/01\/Board.jpg 960w, https:\/\/www.pcfdevelopment.org\/wp-content\/uploads\/2020\/01\/Board-300x225.jpg 300w, https:\/\/www.pcfdevelopment.org\/wp-content\/uploads\/2020\/01\/Board-768x576.jpg 768w\" sizes=\"auto, (max-width: 960px) 100vw, 960px\" \/><\/figure>\n\n\n\n<p><\/p>\n<\/div>\n<\/div>","protected":false},"excerpt":{"rendered":"<p>Linda Weisinger, Directora Ejecutiva lweisinger@pcfdevelopment.org Linda Weisinger se uni\u00f3 a PCF Development como Directora Ejecutiva en mayo de 2015.  Ella aporta m\u00e1s de 20 a\u00f1os de experiencia en vivienda asequible y desarrollo de propiedad de vivienda.  Linda fue la presidenta del Comit\u00e9 de Propiedad de Vivienda de la Red de Vivienda de 2008 a 2015.  \u00a1Le gusta hacer ejercicio y correr 5ks en su tiempo libre! Kim [...]<\/p>","protected":false},"author":1,"featured_media":0,"parent":25,"menu_order":0,"comment_status":"closed","ping_status":"closed","template":"","meta":{"footnotes":""},"class_list":["post-33","page","type-page","status-publish","hentry"],"_links":{"self":[{"href":"https:\/\/www.pcfdevelopment.org\/es\/wp-json\/wp\/v2\/pages\/33","targetHints":{"allow":["GET"]}}],"collection":[{"href":"https:\/\/www.pcfdevelopment.org\/es\/wp-json\/wp\/v2\/pages"}],"about":[{"href":"https:\/\/www.pcfdevelopment.org\/es\/wp-json\/wp\/v2\/types\/page"}],"author":[{"embeddable":true,"href":"https:\/\/www.pcfdevelopment.org\/es\/wp-json\/wp\/v2\/users\/1"}],"replies":[{"embeddable":true,"href":"https:\/\/www.pcfdevelopment.org\/es\/wp-json\/wp\/v2\/comments?post=33"}],"version-history":[{"count":0,"href":"https:\/\/www.pcfdevelopment.org\/es\/wp-json\/wp\/v2\/pages\/33\/revisions"}],"up":[{"embeddable":true,"href":"https:\/\/www.pcfdevelopment.org\/es\/wp-json\/wp\/v2\/pages\/25"}],"wp:attachment":[{"href":"https:\/\/www.pcfdevelopment.org\/es\/wp-json\/wp\/v2\/media?parent=33"}],"curies":[{"name":"wp","href":"https:\/\/api.w.org\/{rel}","templated":true}]}}