{"id":5,"date":"2019-11-25T19:45:21","date_gmt":"2019-11-25T19:45:21","guid":{"rendered":"https:\/\/www.pcfdevelopment.org\/?page_id=5"},"modified":"2022-08-16T21:42:28","modified_gmt":"2022-08-16T21:42:28","slug":"homepage","status":"publish","type":"page","link":"https:\/\/www.pcfdevelopment.org\/es\/","title":{"rendered":"P\u00e1gina de inicio"},"content":{"rendered":"<div class=\"wp-block-group width-slim intro\"><div class=\"wp-block-group__inner-container is-layout-flow wp-block-group-is-layout-flow\">\n<p class=\"has-text-align-center h3\">Podemos ayudarle a encontrar su hogar.<\/p>\n<\/div><\/div>\n\n\n\n<div style=\"height:20px\" aria-hidden=\"true\" class=\"wp-block-spacer\"><\/div>\n\n\n\n<div class=\"wp-block-media-text alignwide has-background has-bluesky-background-color is-stacked-on-mobile is-vertically-aligned-center\"><figure class=\"wp-block-media-text__media\"><img loading=\"lazy\" decoding=\"async\" width=\"1024\" height=\"1024\" src=\"https:\/\/www.pcfdevelopment.org\/wp-content\/uploads\/2019\/12\/pcf-new-row-housing_crop-1024x1024.jpg\" alt=\"\" class=\"wp-image-157\" srcset=\"https:\/\/www.pcfdevelopment.org\/wp-content\/uploads\/2019\/12\/pcf-new-row-housing_crop-1024x1024.jpg 1024w, https:\/\/www.pcfdevelopment.org\/wp-content\/uploads\/2019\/12\/pcf-new-row-housing_crop-300x300.jpg 300w, https:\/\/www.pcfdevelopment.org\/wp-content\/uploads\/2019\/12\/pcf-new-row-housing_crop-150x150.jpg 150w, https:\/\/www.pcfdevelopment.org\/wp-content\/uploads\/2019\/12\/pcf-new-row-housing_crop-768x768.jpg 768w, https:\/\/www.pcfdevelopment.org\/wp-content\/uploads\/2019\/12\/pcf-new-row-housing_crop.jpg 1150w\" sizes=\"auto, (max-width: 1024px) 100vw, 1024px\" \/><\/figure><div class=\"wp-block-media-text__content\">\n<h2 class=\"wp-block-heading\">Alquilar un apartamento<\/h2>\n\n\n\n<p>Se alquilan viviendas seguras y asequibles para familias de todos los tama\u00f1os de forma rotativa. Se requieren solicitudes de alquiler.<\/p>\n\n\n\n<div class=\"wp-block-button\"><a class=\"wp-block-button__link\" href=\"https:\/\/www.pcfdevelopment.org\/es\/rentals\/\">Solicitar ahora<\/a><\/div>\n\n\n\n<p><\/p>\n<\/div><\/div>\n\n\n\n<div class=\"wp-block-media-text alignwide has-media-on-the-right has-background has-bluesky-background-color is-stacked-on-mobile is-vertically-aligned-center\"><figure class=\"wp-block-media-text__media\"><img loading=\"lazy\" decoding=\"async\" width=\"1024\" height=\"688\" src=\"https:\/\/www.pcfdevelopment.org\/wp-content\/uploads\/2022\/08\/20220705_084014s2-1024x688.jpg\" alt=\"\" class=\"wp-image-802\" srcset=\"https:\/\/www.pcfdevelopment.org\/wp-content\/uploads\/2022\/08\/20220705_084014s2-1024x688.jpg 1024w, https:\/\/www.pcfdevelopment.org\/wp-content\/uploads\/2022\/08\/20220705_084014s2-300x202.jpg 300w, https:\/\/www.pcfdevelopment.org\/wp-content\/uploads\/2022\/08\/20220705_084014s2-768x516.jpg 768w, https:\/\/www.pcfdevelopment.org\/wp-content\/uploads\/2022\/08\/20220705_084014s2.jpg 1508w\" sizes=\"auto, (max-width: 1024px) 100vw, 1024px\" \/><\/figure><div class=\"wp-block-media-text__content\">\n<h2 class=\"wp-block-heading\">Comprar una casa<\/h2>\n\n\n\n<p>PCF Development ha apoyado m\u00e1s de 100 unidades de propiedad de vivienda en Pawtucket y Central Falls, RI. Las unidades se venden a precios asequibles federales.<\/p>\n\n\n\n<p><\/p>\n\n\n\n<p>Junio es el mes nacional de la vivienda propia. Inscr\u00edbase en nuestra pr\u00f3xima clase para compradores de vivienda y emprenda el camino hacia la propiedad de su propia casa.<\/p>\n\n\n\n<div class=\"wp-block-button\"><a class=\"wp-block-button__link\" href=\"https:\/\/www.pcfdevelopment.org\/es\/homeownership\/\" title=\"Vivienda asequible\">M\u00e1s informaci\u00f3n sobre el proceso<\/a><\/div>\n<\/div><\/div>\n\n\n\n<div class=\"wp-block-media-text alignwide has-background has-bluesky-background-color is-stacked-on-mobile is-vertically-aligned-center\"><figure class=\"wp-block-media-text__media\"><img loading=\"lazy\" decoding=\"async\" width=\"539\" height=\"539\" src=\"https:\/\/www.pcfdevelopment.org\/wp-content\/uploads\/2019\/12\/Villanova-class_crop.jpg\" alt=\"\" class=\"wp-image-159\" srcset=\"https:\/\/www.pcfdevelopment.org\/wp-content\/uploads\/2019\/12\/Villanova-class_crop.jpg 539w, https:\/\/www.pcfdevelopment.org\/wp-content\/uploads\/2019\/12\/Villanova-class_crop-300x300.jpg 300w, https:\/\/www.pcfdevelopment.org\/wp-content\/uploads\/2019\/12\/Villanova-class_crop-150x150.jpg 150w\" sizes=\"auto, (max-width: 539px) 100vw, 539px\" \/><\/figure><div class=\"wp-block-media-text__content\">\n<h2 class=\"wp-block-heading\">Prep\u00e1rese<\/h2>\n\n\n\n<p>Nuestro comprensivo programa de educaci\u00f3n para compradores de vivienda ofrece a m\u00e1s de 100 familias al a\u00f1o formaci\u00f3n financiera, asesoramiento crediticio y ayuda previa a la compra.<\/p>\n\n\n\n<div class=\"wp-block-button\"><a class=\"wp-block-button__link\" href=\"https:\/\/www.pcfdevelopment.org\/es\/classes\/\">Resumen de las clases<\/a><\/div>\n\n\n\n<p><\/p>\n<\/div><\/div>\n\n\n\n<div class=\"wp-block-group width-slim\"><div class=\"wp-block-group__inner-container is-layout-flow wp-block-group-is-layout-flow\">\n<div style=\"height:32px\" aria-hidden=\"true\" class=\"wp-block-spacer\"><\/div>\n\n\n\n<h3 class=\"has-text-align-center wp-block-heading\">Capacitar a las personas, construir barrios fuertes.<\/h3>\n\n\n\n<p class=\"has-text-align-center\">Escuchando a los vecinos, atendiendo a sus preocupaciones y poniendo en contacto a la comunidad con los recursos locales, pueden producirse y se producir\u00e1n cambios positivos.<\/p>\n\n\n\n<div class=\"wp-block-button aligncenter\"><a class=\"wp-block-button__link\" href=\"https:\/\/www.pcfdevelopment.org\/es\/community\/\">Explore nuestras iniciativas<\/a><\/div>\n<\/div><\/div>\n\n\n\n<div class=\"wp-block-media-text alignwide has-media-on-the-right has-background has-teal-background-color is-stacked-on-mobile block-reusable_about-us\"><figure class=\"wp-block-media-text__media\"><img loading=\"lazy\" decoding=\"async\" width=\"423\" height=\"315\" src=\"https:\/\/www.pcfdevelopment.org\/wp-content\/uploads\/2019\/12\/broad-st-facade_crop.jpg\" alt=\"\" class=\"wp-image-161\" srcset=\"https:\/\/www.pcfdevelopment.org\/wp-content\/uploads\/2019\/12\/broad-st-facade_crop.jpg 423w, https:\/\/www.pcfdevelopment.org\/wp-content\/uploads\/2019\/12\/broad-st-facade_crop-300x223.jpg 300w\" sizes=\"auto, (max-width: 423px) 100vw, 423px\" \/><\/figure><div class=\"wp-block-media-text__content\">\n<div style=\"height:20px\" aria-hidden=\"true\" class=\"wp-block-spacer\"><\/div>\n\n\n\n<h2 class=\"wp-block-heading\">Qui\u00e9nes somos<\/h2>\n\n\n\n<p>Desde 1990, PCF Development ha trabajado incansablemente para mejorar la infraestructura f\u00edsica de los barrios como forma de promover un cambio positivo en la comunidad. Todas nuestras unidades son asequibles y de alta calidad, destinadas a las familias locales que m\u00e1s lo necesitan.<\/p>\n\n\n\n<div class=\"wp-block-button\"><a class=\"wp-block-button__link\" href=\"https:\/\/www.pcfdevelopment.org\/es\/about\/\">Conozca nuestra historia<\/a><\/div>\n\n\n\n<div style=\"height:20px\" aria-hidden=\"true\" class=\"wp-block-spacer\"><\/div>\n<\/div><\/div>\n\n\n\n<div style=\"height:32px\" aria-hidden=\"true\" class=\"wp-block-spacer\"><\/div>\n\n\n\n<p class=\"has-text-color has-teal-dark-color h3 block-reusable_support\">Las donaciones contribuyen a hacer realidad el sue\u00f1o de una familia: un hogar seguro y asequible.<\/p>\n\n\n\n<div class=\"wp-block-button block-reusable_donate\"><a class=\"wp-block-button__link\" href=\"https:\/\/www.pcfdevelopment.org\/es\/donate\/\">Apoye nuestro trabajo<\/a><\/div>\n\n\n\n<p><\/p>","protected":false},"excerpt":{"rendered":"<p>Podemos ayudarle a encontrar su hogar. Capacitar a las personas para construir barrios fuertes. Escuchando a los vecinos, actuando en funci\u00f3n de sus preocupaciones y conectando a la comunidad con los recursos locales, pueden producirse y se producir\u00e1n cambios positivos.<\/p>","protected":false},"author":1,"featured_media":0,"parent":0,"menu_order":0,"comment_status":"closed","ping_status":"closed","template":"","meta":{"footnotes":""},"class_list":["post-5","page","type-page","status-publish","hentry"],"_links":{"self":[{"href":"https:\/\/www.pcfdevelopment.org\/es\/wp-json\/wp\/v2\/pages\/5","targetHints":{"allow":["GET"]}}],"collection":[{"href":"https:\/\/www.pcfdevelopment.org\/es\/wp-json\/wp\/v2\/pages"}],"about":[{"href":"https:\/\/www.pcfdevelopment.org\/es\/wp-json\/wp\/v2\/types\/page"}],"author":[{"embeddable":true,"href":"https:\/\/www.pcfdevelopment.org\/es\/wp-json\/wp\/v2\/users\/1"}],"replies":[{"embeddable":true,"href":"https:\/\/www.pcfdevelopment.org\/es\/wp-json\/wp\/v2\/comments?post=5"}],"version-history":[{"count":0,"href":"https:\/\/www.pcfdevelopment.org\/es\/wp-json\/wp\/v2\/pages\/5\/revisions"}],"wp:attachment":[{"href":"https:\/\/www.pcfdevelopment.org\/es\/wp-json\/wp\/v2\/media?parent=5"}],"curies":[{"name":"wp","href":"https:\/\/api.w.org\/{rel}","templated":true}]}}